{"id":687,"date":"2025-07-14T14:02:46","date_gmt":"2025-07-14T14:02:46","guid":{"rendered":"https:\/\/intermar.hu\/LED\/?page_id=687"},"modified":"2025-07-14T14:04:39","modified_gmt":"2025-07-14T14:04:39","slug":"ginop-5-3-17-21","status":"publish","type":"page","link":"https:\/\/intermar.hu\/LED\/ginop-5-3-17-21\/","title":{"rendered":"Kapacit\u00e1s b\u0151vit\u00e9s &#8211; Ginop-5-3-17-21"},"content":{"rendered":"\t\t<div data-elementor-type=\"wp-page\" data-elementor-id=\"687\" class=\"elementor elementor-687\">\n\t\t\t\t<div class=\"elementor-element elementor-element-44a3974 e-flex e-con-boxed tmpcoder-jarallax-no tmpcoder-parallax-no tmpcoder-particle-no tmpcoder-sticky-section-no e-con e-parent\" data-id=\"44a3974\" data-element_type=\"container\" data-e-type=\"container\">\n\t\t\t\t\t<div class=\"e-con-inner\">\n\t\t\t\t<div class=\"elementor-element elementor-element-c550678 elementor-widget elementor-widget-image\" data-id=\"c550678\" data-element_type=\"widget\" data-e-type=\"widget\" data-widget_type=\"image.default\">\n\t\t\t\t<div class=\"elementor-widget-container\">\n\t\t\t\t\t\t\t\t\t\t\t\t\t\t\t<img fetchpriority=\"high\" decoding=\"async\" width=\"2560\" height=\"1835\" src=\"https:\/\/intermar.hu\/LED\/wp-content\/uploads\/2025\/07\/3319197645_c_fekvo_nyomdai-scaled.jpg\" class=\"attachment-full size-full wp-image-689\" alt=\"\" srcset=\"https:\/\/intermar.hu\/LED\/wp-content\/uploads\/2025\/07\/3319197645_c_fekvo_nyomdai-scaled.jpg 2560w, https:\/\/intermar.hu\/LED\/wp-content\/uploads\/2025\/07\/3319197645_c_fekvo_nyomdai-300x215.jpg 300w, https:\/\/intermar.hu\/LED\/wp-content\/uploads\/2025\/07\/3319197645_c_fekvo_nyomdai-1024x734.jpg 1024w, https:\/\/intermar.hu\/LED\/wp-content\/uploads\/2025\/07\/3319197645_c_fekvo_nyomdai-768x551.jpg 768w, https:\/\/intermar.hu\/LED\/wp-content\/uploads\/2025\/07\/3319197645_c_fekvo_nyomdai-1536x1101.jpg 1536w, https:\/\/intermar.hu\/LED\/wp-content\/uploads\/2025\/07\/3319197645_c_fekvo_nyomdai-2048x1468.jpg 2048w\" sizes=\"(max-width: 2560px) 100vw, 2560px\" \/>\t\t\t\t\t\t\t\t\t\t\t\t\t\t\t<\/div>\n\t\t\t\t<\/div>\n\t\t\t\t\t<\/div>\n\t\t\t\t<\/div>\n\t\t\t\t<\/div>\n\t\t","protected":false},"excerpt":{"rendered":"","protected":false},"author":1,"featured_media":0,"parent":0,"menu_order":0,"comment_status":"closed","ping_status":"closed","template":"","meta":{"footnotes":""},"class_list":["post-687","page","type-page","status-publish","hentry"],"_links":{"self":[{"href":"https:\/\/intermar.hu\/LED\/wp-json\/wp\/v2\/pages\/687","targetHints":{"allow":["GET"]}}],"collection":[{"href":"https:\/\/intermar.hu\/LED\/wp-json\/wp\/v2\/pages"}],"about":[{"href":"https:\/\/intermar.hu\/LED\/wp-json\/wp\/v2\/types\/page"}],"author":[{"embeddable":true,"href":"https:\/\/intermar.hu\/LED\/wp-json\/wp\/v2\/users\/1"}],"replies":[{"embeddable":true,"href":"https:\/\/intermar.hu\/LED\/wp-json\/wp\/v2\/comments?post=687"}],"version-history":[{"count":5,"href":"https:\/\/intermar.hu\/LED\/wp-json\/wp\/v2\/pages\/687\/revisions"}],"predecessor-version":[{"id":693,"href":"https:\/\/intermar.hu\/LED\/wp-json\/wp\/v2\/pages\/687\/revisions\/693"}],"wp:attachment":[{"href":"https:\/\/intermar.hu\/LED\/wp-json\/wp\/v2\/media?parent=687"}],"curies":[{"name":"wp","href":"https:\/\/api.w.org\/{rel}","templated":true}]}}