{"id":646,"date":"2025-07-14T13:06:33","date_gmt":"2025-07-14T13:06:33","guid":{"rendered":"https:\/\/intermar.hu\/LED\/?page_id=646"},"modified":"2025-07-14T13:39:02","modified_gmt":"2025-07-14T13:39:02","slug":"2020-1-1-1-kkv-start-2020-00274","status":"publish","type":"page","link":"https:\/\/intermar.hu\/LED\/2020-1-1-1-kkv-start-2020-00274\/","title":{"rendered":"2020-1.1.1-KKV-START-2020-00274"},"content":{"rendered":"\t\t<div data-elementor-type=\"wp-page\" data-elementor-id=\"646\" class=\"elementor elementor-646\">\n\t\t\t\t<div class=\"elementor-element elementor-element-ae3c5c3 e-flex e-con-boxed tmpcoder-jarallax-no tmpcoder-parallax-no tmpcoder-particle-no tmpcoder-sticky-section-no e-con e-parent\" data-id=\"ae3c5c3\" data-element_type=\"container\" data-e-type=\"container\">\n\t\t\t\t\t<div class=\"e-con-inner\">\n\t\t\t\t<div class=\"elementor-element elementor-element-3b61916 elementor-widget elementor-widget-heading\" data-id=\"3b61916\" data-element_type=\"widget\" data-e-type=\"widget\" data-widget_type=\"heading.default\">\n\t\t\t\t<div class=\"elementor-widget-container\">\n\t\t\t\t\t<h3 class=\"elementor-heading-title elementor-size-default\">Innovat\u00edv g\u00e9pkocsi szimul\u00e1tor fejleszt\u00e9se\n<\/h3>\t\t\t\t<\/div>\n\t\t\t\t<\/div>\n\t\t\t\t\t<\/div>\n\t\t\t\t<\/div>\n\t\t<div class=\"elementor-element elementor-element-b034946 e-flex e-con-boxed tmpcoder-jarallax-no tmpcoder-parallax-no tmpcoder-particle-no tmpcoder-sticky-section-no e-con e-parent\" data-id=\"b034946\" data-element_type=\"container\" data-e-type=\"container\">\n\t\t\t\t\t<div class=\"e-con-inner\">\n\t\t\t\t<div class=\"elementor-element elementor-element-9f9a18e elementor-position-top elementor-widget elementor-widget-image-box\" data-id=\"9f9a18e\" data-element_type=\"widget\" data-e-type=\"widget\" data-widget_type=\"image-box.default\">\n\t\t\t\t<div class=\"elementor-widget-container\">\n\t\t\t\t\t<div class=\"elementor-image-box-wrapper\"><figure class=\"elementor-image-box-img\"><img fetchpriority=\"high\" decoding=\"async\" width=\"661\" height=\"164\" src=\"https:\/\/intermar.hu\/LED\/wp-content\/uploads\/2025\/07\/NKFI-logo.png\" class=\"attachment-full size-full wp-image-648\" alt=\"\" srcset=\"https:\/\/intermar.hu\/LED\/wp-content\/uploads\/2025\/07\/NKFI-logo.png 661w, https:\/\/intermar.hu\/LED\/wp-content\/uploads\/2025\/07\/NKFI-logo-300x74.png 300w\" sizes=\"(max-width: 661px) 100vw, 661px\" \/><\/figure><div class=\"elementor-image-box-content\"><h4 class=\"elementor-image-box-title\">2020-1.1.1-KKV-START-2020-00274 Innovat\u00edv g\u00e9pkocsi szimul\u00e1tor fejleszt\u00e9se<\/h4><p class=\"elementor-image-box-description\">2020-1.1.1-KKV-START-2020-00274\nInnovat\u00edv g\u00e9pkocsi szimul\u00e1tor fejleszt\u00e9se\n\nKedvezm\u00e9nyezett: Intermar Kft.\n\nAz elnyert t\u00e1mogat\u00e1s \u00f6sszege: 19 980 000 Ft\nT\u00e1mogat\u00e1s intenzit\u00e1sa: 60%\n\nProjekt v\u00e1rhat\u00f3 befejez\u00e9se: 2022.11.30.\n<\/p><\/div><\/div>\t\t\t\t<\/div>\n\t\t\t\t<\/div>\n\t\t\t\t\t<\/div>\n\t\t\t\t<\/div>\n\t\t<div class=\"elementor-element elementor-element-88aac4c e-flex e-con-boxed tmpcoder-jarallax-no tmpcoder-parallax-no tmpcoder-particle-no tmpcoder-sticky-section-no e-con e-parent\" data-id=\"88aac4c\" data-element_type=\"container\" data-e-type=\"container\">\n\t\t\t\t\t<div class=\"e-con-inner\">\n\t\t\t\t<div class=\"elementor-element elementor-element-30beefb elementor-widget elementor-widget-text-editor\" data-id=\"30beefb\" data-element_type=\"widget\" data-e-type=\"widget\" data-widget_type=\"text-editor.default\">\n\t\t\t\t<div class=\"elementor-widget-container\">\n\t\t\t\t\t\t\t\t\t<p>A felhaszn\u00e1l\u00f3k \u00e1ltal kapott visszajelz\u00e9sek alapj\u00e1n a ma piacon l\u00e9v\u0151 szimul\u00e1torok nem tudj\u00e1k azt az ig\u00e9nyt kiel\u00e9g\u00edteni, hogy mindenki sz\u00e1m\u00e1ra el\u00e9rhet\u0151en, megfizethet\u0151 \u00e1ron val\u00f3s\u00e1gh\u0171 visszajelz\u00e9seket adjanak. <br \/>Vannak szimul\u00e1torok, melyek teljesen val\u00f3s\u00e1gh\u0171ek (egy szob\u00e1nyi a m\u00e9ret\u00fck \u00e9s nagyon dr\u00e1ga az el\u0151\u00e1ll\u00edt\u00e1suk ), viszont csak n\u00e9h\u00e1ny felhaszn\u00e1l\u00f3 sz\u00e1m\u00e1ra el\u00e9rhet\u0151ek. Ezek jellemz\u0151en a gy\u00e1ri csapatok szimul\u00e1torai. <br \/>Vannak, melyek mindenki sz\u00e1m\u00e1ra el\u00e9rhet\u0151ek, de nem tudnak val\u00f3s idej\u0171 visszajelz\u00e9seket adni a felhaszn\u00e1l\u00f3ik sz\u00e1m\u00e1ra. Az alkalmazott eszk\u00f6z\u00f6k v\u00e1laszideje, azok \u00f6ssze\u00e9p\u00edt\u00e9se nem teszi alkalmass\u00e1 profi felhaszn\u00e1l\u00e1si <br \/>ter\u00fcleten val\u00f3 alkalmaz\u00e1sukat. A jelenleg piacon elterjedt mozg\u00f3 szimul\u00e1torok melyek rendelkeznek traction loss opci\u00f3val amely oldal ir\u00e1ny\u00fa mozg\u00e1st biztos\u00edt a tapad\u00e1s elveszt\u00e9s\u00e9nek szimul\u00e1l\u00e1s\u00e1ra, nem rendelkeznek <br \/>olyan sebess\u00e9ggel amely lek\u00f6vetn\u00e9 a p\u00e1ly\u00e1n val\u00f3s id\u0151ben t\u00f6rt\u00e9n\u0151 mozg\u00e1st. \u00cdgy a folyamatos k\u00e9s\u00e9s miatt hamis inform\u00e1ci\u00f3val l\u00e1tj\u00e1k el a pil\u00f3t\u00e1t, ez\u00e9rt \u00e9rtelm\u00e9t veszti az oldal mozg\u00e1s a szimul\u00e1toron.<br \/>C\u00e9lunk egy olyan professzion\u00e1lisan mozg\u00f3 aut\u00f3szimul\u00e1tor fejleszt\u00e9se, amely a felfut\u00f3ban l\u00e9v\u0151 e-sport \u00e1ltal t\u00e1pl\u00e1lt ig\u00e9nyek kiel\u00e9g\u00edt\u00e9s\u00e9re alkalmas, illetve aut\u00f3versenyz\u0151k gyakorl\u00e1s\u00e1ra megfelel\u0151 kezel\u0151szervi \u00e9s szoftver<br \/>k\u00f6rnyezetet biztos\u00edt a megfelel\u0151 visszajelz\u00e9sekkel amat\u0151r kateg\u00f3ri\u00e1t\u00f3l a profi kateg\u00f3ri\u00e1ig. <br \/>C\u00e9lunk, hogy a legkorszer\u0171bb technol\u00f3gia seg\u00edts\u00e9g\u00e9vel a lehet\u0151 legrealisztikusabb m\u00f3don adjuk \u00e1t a p\u00e1lya \u00e9s az aut\u00f3 \u00e1ltal gener\u00e1lt \u00e9rz\u00e9seket, kezel\u00e9si m\u00f3dokat a sof\u0151rnek. Egyed\u00fcl\u00e1ll\u00f3 realisztikumot p\u00e1ros\u00edtsunk <br \/>(minimumm 250mm\/s sebess\u00e9g\u0171 a motorok alkalmaz\u00e1s\u00e1val, illetve a t\u00f6bb tengely\u0171 mozgat\u00e1s \u00f6sszehangol\u00e1s\u00e1val, egyedi fejleszt\u00e9s\u0171 ped\u00e1lokkal, szervomotoros -direct drive- korm\u00e1nyokkal) valamint egy megfizethet\u0151 \u00e1rral <br \/>(a hasonl\u00f3 kialak\u00edt\u00e1s\u00fa, de gyeng\u00e9bb param\u00e9terekkel rendelkez\u0151 term\u00e9kekn\u00e9l kb. 10-15%-kal kedvez\u0151bb \u00e1r), hogy a gyakorl\u00e1s lehet\u0151s\u00e9g\u00e9t min\u00e9l nagyobb r\u00e9teg sz\u00e1m\u00e1ra el\u00e9rhet\u0151v\u00e9 tegy\u00fck. Profi akt\u00edv versenyz\u0151k <br \/>k\u00f6zrem\u0171k\u00f6d\u00e9se \u00e1ll a rendelkez\u00e9s\u00fcnkre, \u00e9s az \u0150 p\u00e1ly\u00e1n \u00e9s versenyben val\u00f3 tapasztalataik seg\u00edts\u00e9g\u00e9vel val\u00f3s\u00edtjuk meg az eszk\u00f6zt.<\/p>\t\t\t\t\t\t\t\t<\/div>\n\t\t\t\t<\/div>\n\t\t\t\t\t<\/div>\n\t\t\t\t<\/div>\n\t\t<div class=\"elementor-element elementor-element-c3aac04 e-flex e-con-boxed tmpcoder-jarallax-no tmpcoder-parallax-no tmpcoder-particle-no tmpcoder-sticky-section-no e-con e-parent\" data-id=\"c3aac04\" data-element_type=\"container\" data-e-type=\"container\">\n\t\t\t\t\t<div class=\"e-con-inner\">\n\t\t\t\t<div class=\"elementor-element elementor-element-03c8bf2 gallery-spacing-custom elementor-widget__width-inherit elementor-widget elementor-widget-image-gallery\" data-id=\"03c8bf2\" data-element_type=\"widget\" data-e-type=\"widget\" data-widget_type=\"image-gallery.default\">\n\t\t\t\t<div class=\"elementor-widget-container\">\n\t\t\t\t\t\t\t<div class=\"elementor-image-gallery\">\n\t\t\t<div id='gallery-1' class='gallery galleryid-646 gallery-columns-2 gallery-size-medium_large'><figure class='gallery-item'>\n\t\t\t<div class='gallery-icon landscape'>\n\t\t\t\t<a data-elementor-open-lightbox=\"yes\" data-elementor-lightbox-slideshow=\"03c8bf2\" data-elementor-lightbox-title=\"DSC_0048\" data-e-action-hash=\"#elementor-action%3Aaction%3Dlightbox%26settings%3DeyJpZCI6NjUwLCJ1cmwiOiJodHRwczpcL1wvaW50ZXJtYXIuaHVcL0xFRFwvd3AtY29udGVudFwvdXBsb2Fkc1wvMjAyNVwvMDdcL0RTQ18wMDQ4LXNjYWxlZC5qcGciLCJzbGlkZXNob3ciOiIwM2M4YmYyIn0%3D\" href='https:\/\/intermar.hu\/LED\/wp-content\/uploads\/2025\/07\/DSC_0048-scaled.jpg'><img decoding=\"async\" width=\"640\" height=\"427\" src=\"https:\/\/intermar.hu\/LED\/wp-content\/uploads\/2025\/07\/DSC_0048-768x512.jpg\" class=\"attachment-medium_large size-medium_large\" alt=\"\" srcset=\"https:\/\/intermar.hu\/LED\/wp-content\/uploads\/2025\/07\/DSC_0048-768x512.jpg 768w, https:\/\/intermar.hu\/LED\/wp-content\/uploads\/2025\/07\/DSC_0048-300x200.jpg 300w, https:\/\/intermar.hu\/LED\/wp-content\/uploads\/2025\/07\/DSC_0048-1024x683.jpg 1024w, https:\/\/intermar.hu\/LED\/wp-content\/uploads\/2025\/07\/DSC_0048-1536x1024.jpg 1536w, https:\/\/intermar.hu\/LED\/wp-content\/uploads\/2025\/07\/DSC_0048-2048x1365.jpg 2048w\" sizes=\"(max-width: 640px) 100vw, 640px\" \/><\/a>\n\t\t\t<\/div><\/figure><figure class='gallery-item'>\n\t\t\t<div class='gallery-icon landscape'>\n\t\t\t\t<a data-elementor-open-lightbox=\"yes\" data-elementor-lightbox-slideshow=\"03c8bf2\" data-elementor-lightbox-title=\"Szim_1\" data-e-action-hash=\"#elementor-action%3Aaction%3Dlightbox%26settings%3DeyJpZCI6NjUxLCJ1cmwiOiJodHRwczpcL1wvaW50ZXJtYXIuaHVcL0xFRFwvd3AtY29udGVudFwvdXBsb2Fkc1wvMjAyNVwvMDdcL1N6aW1fMS5qcGciLCJzbGlkZXNob3ciOiIwM2M4YmYyIn0%3D\" href='https:\/\/intermar.hu\/LED\/wp-content\/uploads\/2025\/07\/Szim_1.jpg'><img decoding=\"async\" width=\"640\" height=\"481\" src=\"https:\/\/intermar.hu\/LED\/wp-content\/uploads\/2025\/07\/Szim_1-768x577.jpg\" class=\"attachment-medium_large size-medium_large\" alt=\"\" srcset=\"https:\/\/intermar.hu\/LED\/wp-content\/uploads\/2025\/07\/Szim_1-768x577.jpg 768w, https:\/\/intermar.hu\/LED\/wp-content\/uploads\/2025\/07\/Szim_1-300x225.jpg 300w, https:\/\/intermar.hu\/LED\/wp-content\/uploads\/2025\/07\/Szim_1.jpg 779w\" sizes=\"(max-width: 640px) 100vw, 640px\" \/><\/a>\n\t\t\t<\/div><\/figure><figure class='gallery-item'>\n\t\t\t<div class='gallery-icon landscape'>\n\t\t\t\t<a data-elementor-open-lightbox=\"yes\" data-elementor-lightbox-slideshow=\"03c8bf2\" data-elementor-lightbox-title=\"20220110_141716\" data-e-action-hash=\"#elementor-action%3Aaction%3Dlightbox%26settings%3DeyJpZCI6NjUyLCJ1cmwiOiJodHRwczpcL1wvaW50ZXJtYXIuaHVcL0xFRFwvd3AtY29udGVudFwvdXBsb2Fkc1wvMjAyNVwvMDdcLzIwMjIwMTEwXzE0MTcxNi5qcGciLCJzbGlkZXNob3ciOiIwM2M4YmYyIn0%3D\" href='https:\/\/intermar.hu\/LED\/wp-content\/uploads\/2025\/07\/20220110_141716.jpg'><img loading=\"lazy\" decoding=\"async\" width=\"640\" height=\"480\" src=\"https:\/\/intermar.hu\/LED\/wp-content\/uploads\/2025\/07\/20220110_141716-768x576.jpg\" class=\"attachment-medium_large size-medium_large\" alt=\"\" srcset=\"https:\/\/intermar.hu\/LED\/wp-content\/uploads\/2025\/07\/20220110_141716-768x576.jpg 768w, https:\/\/intermar.hu\/LED\/wp-content\/uploads\/2025\/07\/20220110_141716-300x225.jpg 300w, https:\/\/intermar.hu\/LED\/wp-content\/uploads\/2025\/07\/20220110_141716-1024x768.jpg 1024w, https:\/\/intermar.hu\/LED\/wp-content\/uploads\/2025\/07\/20220110_141716.jpg 1200w\" sizes=\"(max-width: 640px) 100vw, 640px\" \/><\/a>\n\t\t\t<\/div><\/figure><figure class='gallery-item'>\n\t\t\t<div class='gallery-icon landscape'>\n\t\t\t\t<a data-elementor-open-lightbox=\"yes\" data-elementor-lightbox-slideshow=\"03c8bf2\" data-elementor-lightbox-title=\"20220110_142547\" data-e-action-hash=\"#elementor-action%3Aaction%3Dlightbox%26settings%3DeyJpZCI6NjU0LCJ1cmwiOiJodHRwczpcL1wvaW50ZXJtYXIuaHVcL0xFRFwvd3AtY29udGVudFwvdXBsb2Fkc1wvMjAyNVwvMDdcLzIwMjIwMTEwXzE0MjU0Ny0xLmpwZyIsInNsaWRlc2hvdyI6IjAzYzhiZjIifQ%3D%3D\" href='https:\/\/intermar.hu\/LED\/wp-content\/uploads\/2025\/07\/20220110_142547-1.jpg'><img loading=\"lazy\" decoding=\"async\" width=\"400\" height=\"225\" src=\"https:\/\/intermar.hu\/LED\/wp-content\/uploads\/2025\/07\/20220110_142547-1.jpg\" class=\"attachment-medium_large size-medium_large\" alt=\"\" srcset=\"https:\/\/intermar.hu\/LED\/wp-content\/uploads\/2025\/07\/20220110_142547-1.jpg 400w, https:\/\/intermar.hu\/LED\/wp-content\/uploads\/2025\/07\/20220110_142547-1-300x169.jpg 300w\" sizes=\"(max-width: 400px) 100vw, 400px\" \/><\/a>\n\t\t\t<\/div><\/figure><figure class='gallery-item'>\n\t\t\t<div class='gallery-icon landscape'>\n\t\t\t\t<a data-elementor-open-lightbox=\"yes\" data-elementor-lightbox-slideshow=\"03c8bf2\" data-elementor-lightbox-title=\"20220110_142548\" data-e-action-hash=\"#elementor-action%3Aaction%3Dlightbox%26settings%3DeyJpZCI6NjU1LCJ1cmwiOiJodHRwczpcL1wvaW50ZXJtYXIuaHVcL0xFRFwvd3AtY29udGVudFwvdXBsb2Fkc1wvMjAyNVwvMDdcLzIwMjIwMTEwXzE0MjU0OC5qcGciLCJzbGlkZXNob3ciOiIwM2M4YmYyIn0%3D\" href='https:\/\/intermar.hu\/LED\/wp-content\/uploads\/2025\/07\/20220110_142548.jpg'><img loading=\"lazy\" decoding=\"async\" width=\"600\" height=\"400\" src=\"https:\/\/intermar.hu\/LED\/wp-content\/uploads\/2025\/07\/20220110_142548.jpg\" class=\"attachment-medium_large size-medium_large\" alt=\"\" srcset=\"https:\/\/intermar.hu\/LED\/wp-content\/uploads\/2025\/07\/20220110_142548.jpg 600w, https:\/\/intermar.hu\/LED\/wp-content\/uploads\/2025\/07\/20220110_142548-300x200.jpg 300w\" sizes=\"(max-width: 600px) 100vw, 600px\" \/><\/a>\n\t\t\t<\/div><\/figure><figure class='gallery-item'>\n\t\t\t<div class='gallery-icon landscape'>\n\t\t\t\t<a data-elementor-open-lightbox=\"yes\" data-elementor-lightbox-slideshow=\"03c8bf2\" data-elementor-lightbox-title=\"20220110_142549\" data-e-action-hash=\"#elementor-action%3Aaction%3Dlightbox%26settings%3DeyJpZCI6NjU2LCJ1cmwiOiJodHRwczpcL1wvaW50ZXJtYXIuaHVcL0xFRFwvd3AtY29udGVudFwvdXBsb2Fkc1wvMjAyNVwvMDdcLzIwMjIwMTEwXzE0MjU0OS5qcGciLCJzbGlkZXNob3ciOiIwM2M4YmYyIn0%3D\" href='https:\/\/intermar.hu\/LED\/wp-content\/uploads\/2025\/07\/20220110_142549.jpg'><img loading=\"lazy\" decoding=\"async\" width=\"600\" height=\"400\" src=\"https:\/\/intermar.hu\/LED\/wp-content\/uploads\/2025\/07\/20220110_142549.jpg\" class=\"attachment-medium_large size-medium_large\" alt=\"\" srcset=\"https:\/\/intermar.hu\/LED\/wp-content\/uploads\/2025\/07\/20220110_142549.jpg 600w, https:\/\/intermar.hu\/LED\/wp-content\/uploads\/2025\/07\/20220110_142549-300x200.jpg 300w\" sizes=\"(max-width: 600px) 100vw, 600px\" \/><\/a>\n\t\t\t<\/div><\/figure>\n\t\t<\/div>\n\t\t<\/div>\n\t\t\t\t\t\t<\/div>\n\t\t\t\t<\/div>\n\t\t\t\t\t<\/div>\n\t\t\t\t<\/div>\n\t\t<div class=\"elementor-element elementor-element-40cecba e-flex e-con-boxed tmpcoder-jarallax-no tmpcoder-parallax-no tmpcoder-particle-no tmpcoder-sticky-section-no e-con e-parent\" data-id=\"40cecba\" data-element_type=\"container\" data-e-type=\"container\">\n\t\t\t\t\t<div class=\"e-con-inner\">\n\t\t\t\t<div class=\"elementor-element elementor-element-ac22187 elementor-widget elementor-widget-heading\" data-id=\"ac22187\" data-element_type=\"widget\" data-e-type=\"widget\" data-widget_type=\"heading.default\">\n\t\t\t\t<div class=\"elementor-widget-container\">\n\t\t\t\t\t<h2 class=\"elementor-heading-title elementor-size-default\">A prototipus elk\u00e9sz\u00fclt !<\/h2>\t\t\t\t<\/div>\n\t\t\t\t<\/div>\n\t\t\t\t\t<\/div>\n\t\t\t\t<\/div>\n\t\t<div class=\"elementor-element elementor-element-39a4e13 e-flex e-con-boxed tmpcoder-jarallax-no tmpcoder-parallax-no tmpcoder-particle-no tmpcoder-sticky-section-no e-con e-parent\" data-id=\"39a4e13\" data-element_type=\"container\" data-e-type=\"container\">\n\t\t\t\t\t<div class=\"e-con-inner\">\n\t\t\t\t<div class=\"elementor-element elementor-element-6318c4f elementor-widget elementor-widget-text-editor\" data-id=\"6318c4f\" data-element_type=\"widget\" data-e-type=\"widget\" data-widget_type=\"text-editor.default\">\n\t\t\t\t<div class=\"elementor-widget-container\">\n\t\t\t\t\t\t\t\t\t<p>Az \u201dInnovat\u00edv g\u00e9pkocsi szimul\u00e1tor fejleszt\u00e9se\u201d alapj\u00e1n fejlesztett szimul\u00e1tor, a c\u00e9loknak megfelel\u0151en hozta az elv\u00e1rt eredm\u00e9nyeket.<br \/>Sikerk\u00e9nt elk\u00f6nyvelhet\u0151 az alacsony \u00f6sszs\u00faly, a minim\u00e1lis m\u00e9ret, a hat\u00e9kony \u00fcl\u00e9s \u00e9s korm\u00e1ny magass\u00e1ga, biztos\u00edtva a hordozhat\u00f3s\u00e1g\u00e1t \u00e9s megfelel\u0151 \u00fcl\u00e9s \u00e9s vezet\u0151i poz\u00edci\u00f3t, amit megfelel\u0151 a GTA, WTC, WRC,\u00a0WTCR \u00e9s hasonl\u00f3 kateg\u00f3ri\u00e1kn\u00e1l.<br \/>A v\u00e1z szerkezet egyedi \u00f6tv\u00f6zet\u0171 ac\u00e9lb\u00f3l k\u00e9sz\u00fclt, igy a fizikai jellemz\u0151i, mint a mozg\u00e1s ellen\u00e1ll\u00e1sa, merevs\u00e9ge \u00e9s tart\u00e1sa, hat\u00e9konyabb\u00e1 teszik a vezet\u0151i \u00e9lm\u00e9nyt \u00e9s a szerkezet visszajelz\u00e9sei, realisztikushat\u00e1st keltve. A v\u00e1z egyedi designja, figyelemben veszi a r\u00e1 hat\u00f3 er\u0151ket, nem csak a vezet\u0151i s\u00faly\u00e1t, hanem a t\u00f6bb tengely\u0171 mozg\u00e1sok \u00e1ltal gener\u00e1lt er\u0151ket is, ahogy a folyamatos haszn\u00e1lata \u00e1ltal megtermelt\u00a0anyagi f\u00e1rads\u00e1got is. Oldalhatosok hatnak az alapokra, a l\u00e1bazatra \u00e9s egy\u00e9b t\u00e1maszokra, ez\u00e9rt ezekre nagy terhelhet\u0151s\u00e9g\u0171 eszk\u00f6z\u00f6ket v\u00e1lasztottunk megfelel\u0151 tulajdons\u00e1gokkal. Mindezek egy\u0171that\u00e1sa a hossz\u00fa\u00a0\u00e9lettartalmat t\u00e1masztj\u00e1k al\u00e1.<br \/>Tesztel\u00e9sek sor\u00e1n, t\u00f6bb aut\u00f3versenyz\u0151 v\u00e9lem\u00e9ny\u00e9t figyelemben vett\u00fck, akik Rally, F2 \u00e9s m\u00e1s aut\u00f3motorsport kateg\u00f3ri\u00e1kban versenyeztek \u00e9veken kereszt\u00fcl. Azok visszajelz\u00e9sei alapj\u00e1n finomhangoltuk a\u00a0szerkezetet \u00e9s szoftvereket, el\u00e9rve a v\u00e9gs\u0151 protot\u00edpus form\u00e1j\u00e1t \u00e9s be\u00e1ll\u00edt\u00e1sait.<br \/>C\u00e9ljainkat teljes\u00edtve, a protot\u00edpus alkalmas, nem csak a versenyp\u00e1ly\u00e1k megismer\u00e9s\u00e9re, hanem azon t\u00fal is, alkalmas a versenyaut\u00f3 param\u00e9terei be\u00e1ll\u00edt\u00e1sok megval\u00f3s\u00edt\u00e1s\u00e1ra virtu\u00e1lis k\u00f6rnyezetben, ezek tesztel\u00e9s\u00e9re \u00e9s tov\u00e1bbi m\u00f3dos\u00edt\u00e1saira, mind addig amig a versenyz\u0151 megkapja a neki val\u00f3 optim\u00e1lis be\u00e1ll\u00edt\u00e1sokat az ad\u00f3t versenyp\u00e1ly\u00e1ra, id\u0151j\u00e1r\u00e1sra \u00e9s k\u00f6rnyezeti hat\u00e1sokra.<br \/>Versenyz\u0151i edz\u00e9sre is igy alkalmas, hat\u00e9konyabb\u00e1 t\u00e9ve az edz\u00e9seket, cs\u00f6kkentve a magas k\u00f6lts\u00e9geket, amivel a fizikai edz\u00e9sekn\u00e9l elker\u00fclhetetlen, cs\u00f6kkentve a k\u00e1rosanyagok kibocs\u00e1t\u00e1s\u00e1t, hiszem nem\u00a0\u00e9get\u00fcnk fosszilis \u00fczemanyagokat, nem gener\u00e1lunk vesz\u00e9lyes hullad\u00e9kot \u2013 aut\u00f3 kopott alkatr\u00e9szek, f\u00e9kp\u00f3r, gumik, folyad\u00e9kok, stb. &#8211; amellett hogy gyorsabban \u00e9s hat\u00e9konyabban t\u00f6rt\u00e9nek meg a versenyaut\u00f3\u00a0be\u00e1ll\u00edt\u00e1sai. A protot\u00edpus m\u00e1r megalapozza a tov\u00e1bbi felhaszn\u00e1l\u00e1si ter\u00fcletekre az alkalmas\u00e1g\u00e1t, hiszem tov\u00e1bbi modulokkal \u00e9s fejleszt\u00e9sekkel el\u00e9rhet\u0151 a KRESZ gyakorlati \u00e9s vizsg\u00e1ztat\u00e1si j\u00f6v\u0151beli megfelel\u0151s\u00e9ge,\u00a0a tov\u00e1bbi verseny kateg\u00f3ri\u00e1k alkalmas\u00e1ga ahogy a vezet\u00e9si helyzetek k\u00fcl\u00f6nleges helyzetek gyakorl\u00e1s\u00e1ra \u00e9s oktat\u00e1s\u00e1ra.<br \/>Modul\u00e1ris kialak\u00edt\u00e1sa tov\u00e1bbi fejleszt\u00e9seket \u00f6szt\u00f6n\u00f6z \u00e9s friss\u00edt\u00e9seket tesz lehet\u0151v\u00e9 j\u00f6v\u0151ben.<\/p>\t\t\t\t\t\t\t\t<\/div>\n\t\t\t\t<\/div>\n\t\t\t\t\t<\/div>\n\t\t\t\t<\/div>\n\t\t<div class=\"elementor-element elementor-element-a80aeee e-flex e-con-boxed tmpcoder-jarallax-no tmpcoder-parallax-no tmpcoder-particle-no tmpcoder-sticky-section-no e-con e-parent\" data-id=\"a80aeee\" data-element_type=\"container\" data-e-type=\"container\">\n\t\t\t\t\t<div class=\"e-con-inner\">\n\t\t\t\t<div class=\"elementor-element elementor-element-73a2746 elementor-widget elementor-widget-image\" data-id=\"73a2746\" data-element_type=\"widget\" data-e-type=\"widget\" data-widget_type=\"image.default\">\n\t\t\t\t<div class=\"elementor-widget-container\">\n\t\t\t\t\t\t\t\t\t\t\t\t\t\t\t<img loading=\"lazy\" decoding=\"async\" width=\"500\" height=\"224\" src=\"https:\/\/intermar.hu\/LED\/wp-content\/uploads\/2025\/07\/Sim_1.png\" class=\"attachment-large size-large wp-image-661\" alt=\"\" srcset=\"https:\/\/intermar.hu\/LED\/wp-content\/uploads\/2025\/07\/Sim_1.png 500w, https:\/\/intermar.hu\/LED\/wp-content\/uploads\/2025\/07\/Sim_1-300x134.png 300w\" sizes=\"(max-width: 500px) 100vw, 500px\" \/>\t\t\t\t\t\t\t\t\t\t\t\t\t\t\t<\/div>\n\t\t\t\t<\/div>\n\t\t\t\t<div class=\"elementor-element elementor-element-94160d8 elementor-widget elementor-widget-image\" data-id=\"94160d8\" data-element_type=\"widget\" data-e-type=\"widget\" data-widget_type=\"image.default\">\n\t\t\t\t<div class=\"elementor-widget-container\">\n\t\t\t\t\t\t\t\t\t\t\t\t\t\t\t<img loading=\"lazy\" decoding=\"async\" width=\"500\" height=\"224\" src=\"https:\/\/intermar.hu\/LED\/wp-content\/uploads\/2025\/07\/Sim_2.png\" class=\"attachment-large size-large wp-image-662\" alt=\"\" srcset=\"https:\/\/intermar.hu\/LED\/wp-content\/uploads\/2025\/07\/Sim_2.png 500w, https:\/\/intermar.hu\/LED\/wp-content\/uploads\/2025\/07\/Sim_2-300x134.png 300w\" sizes=\"(max-width: 500px) 100vw, 500px\" \/>\t\t\t\t\t\t\t\t\t\t\t\t\t\t\t<\/div>\n\t\t\t\t<\/div>\n\t\t\t\t<div class=\"elementor-element elementor-element-a552369 elementor-widget elementor-widget-image\" data-id=\"a552369\" data-element_type=\"widget\" data-e-type=\"widget\" data-widget_type=\"image.default\">\n\t\t\t\t<div class=\"elementor-widget-container\">\n\t\t\t\t\t\t\t\t\t\t\t\t\t\t\t<img loading=\"lazy\" decoding=\"async\" width=\"500\" height=\"224\" src=\"https:\/\/intermar.hu\/LED\/wp-content\/uploads\/2025\/07\/Sim_3.png\" class=\"attachment-large size-large wp-image-663\" alt=\"\" srcset=\"https:\/\/intermar.hu\/LED\/wp-content\/uploads\/2025\/07\/Sim_3.png 500w, https:\/\/intermar.hu\/LED\/wp-content\/uploads\/2025\/07\/Sim_3-300x134.png 300w\" sizes=\"(max-width: 500px) 100vw, 500px\" \/>\t\t\t\t\t\t\t\t\t\t\t\t\t\t\t<\/div>\n\t\t\t\t<\/div>\n\t\t\t\t\t<\/div>\n\t\t\t\t<\/div>\n\t\t\t\t<\/div>\n\t\t","protected":false},"excerpt":{"rendered":"<p>Innovat\u00edv g\u00e9pkocsi szimul\u00e1tor fejleszt\u00e9se 2020-1.1.1-KKV-START-2020-00274 Innovat\u00edv g\u00e9pkocsi szimul\u00e1tor fejleszt\u00e9se 2020-1.1.1-KKV-START-2020-00274 Innovat\u00edv g\u00e9pkocsi szimul\u00e1tor fejleszt\u00e9se Kedvezm\u00e9nyezett: Intermar Kft. Az elnyert t\u00e1mogat\u00e1s \u00f6sszege: 19 980 000 Ft T\u00e1mogat\u00e1s intenzit\u00e1sa: 60% Projekt v\u00e1rhat\u00f3 befejez\u00e9se: 2022.11.30. A felhaszn\u00e1l\u00f3k \u00e1ltal kapott visszajelz\u00e9sek alapj\u00e1n a ma piacon l\u00e9v\u0151 szimul\u00e1torok nem tudj\u00e1k azt az ig\u00e9nyt kiel\u00e9g\u00edteni, hogy mindenki sz\u00e1m\u00e1ra el\u00e9rhet\u0151en, megfizethet\u0151 \u00e1ron [&hellip;]<\/p>\n","protected":false},"author":1,"featured_media":0,"parent":0,"menu_order":0,"comment_status":"closed","ping_status":"closed","template":"","meta":{"footnotes":""},"class_list":["post-646","page","type-page","status-publish","hentry"],"_links":{"self":[{"href":"https:\/\/intermar.hu\/LED\/wp-json\/wp\/v2\/pages\/646","targetHints":{"allow":["GET"]}}],"collection":[{"href":"https:\/\/intermar.hu\/LED\/wp-json\/wp\/v2\/pages"}],"about":[{"href":"https:\/\/intermar.hu\/LED\/wp-json\/wp\/v2\/types\/page"}],"author":[{"embeddable":true,"href":"https:\/\/intermar.hu\/LED\/wp-json\/wp\/v2\/users\/1"}],"replies":[{"embeddable":true,"href":"https:\/\/intermar.hu\/LED\/wp-json\/wp\/v2\/comments?post=646"}],"version-history":[{"count":11,"href":"https:\/\/intermar.hu\/LED\/wp-json\/wp\/v2\/pages\/646\/revisions"}],"predecessor-version":[{"id":683,"href":"https:\/\/intermar.hu\/LED\/wp-json\/wp\/v2\/pages\/646\/revisions\/683"}],"wp:attachment":[{"href":"https:\/\/intermar.hu\/LED\/wp-json\/wp\/v2\/media?parent=646"}],"curies":[{"name":"wp","href":"https:\/\/api.w.org\/{rel}","templated":true}]}}