{"id":1044,"date":"2025-11-28T10:52:55","date_gmt":"2025-11-28T10:52:55","guid":{"rendered":"https:\/\/intermar.hu\/LED\/?page_id=1044"},"modified":"2026-02-12T16:27:41","modified_gmt":"2026-02-12T16:27:41","slug":"energetika","status":"publish","type":"page","link":"https:\/\/intermar.hu\/LED\/energetika\/","title":{"rendered":"Energetika"},"content":{"rendered":"\t\t<div data-elementor-type=\"wp-page\" data-elementor-id=\"1044\" class=\"elementor elementor-1044\">\n\t\t\t\t<div class=\"elementor-element elementor-element-cdc9f8b e-grid e-con-boxed tmpcoder-jarallax-no tmpcoder-parallax-no tmpcoder-particle-no tmpcoder-sticky-section-no e-con e-parent\" data-id=\"cdc9f8b\" data-element_type=\"container\" data-e-type=\"container\" data-settings=\"{&quot;background_background&quot;:&quot;classic&quot;}\">\n\t\t\t\t\t<div class=\"e-con-inner\">\n\t\t\t\t<div class=\"elementor-element elementor-element-ec1bcef elementor-widget elementor-widget-text-editor\" data-id=\"ec1bcef\" data-element_type=\"widget\" data-e-type=\"widget\" data-widget_type=\"text-editor.default\">\n\t\t\t\t<div class=\"elementor-widget-container\">\n\t\t\t\t\t\t\t\t\t<h4>A Jedlik \u00c1nyos program<\/h4><p>Meg\u00fajul\u00f3 alap\u00fa energiatermel\u00e9s \u00e9s energiat\u00e1rol\u00e1s<br \/>t\u00e1mogat\u00e1sa v\u00e1llalkoz\u00e1sok sz\u00e1m\u00e1ra<\/p><p>A Jedlik \u00c1nyos Energetikai Program a 2025\/MA\/KKV\/01 p\u00e1ly\u00e1zati k\u00f3d alatt, az EU Moderniz\u00e1ci\u00f3s Alap t\u00e1mogat\u00e1s\u00e1val \u00f6szt\u00f6nzi a meg\u00fajul\u00f3 alap\u00fa energiatermel\u00e9st \u00e9s az energiat\u00e1rol\u00f3 egys\u00e9g beszerz\u00e9s\u00e9t.<\/p><p>C\u00e9lja az energiat\u00e1rol\u00f3 rendszerek telep\u00edt\u00e9se, a v\u00e1llalati energiaimport \u00e9s energiaf\u00fcgg\u0151s\u00e9g cs\u00f6kkent\u00e9se, a h\u00e1l\u00f3zat tehermentes\u00edt\u00e9se, valamint az \u00fcvegh\u00e1zhat\u00e1s\u00fa g\u00e1zok kibocs\u00e1t\u00e1s m\u00e9rs\u00e9kl\u00e9se.<\/p>\t\t\t\t\t\t\t\t<\/div>\n\t\t\t\t<\/div>\n\t\t\t\t<div class=\"elementor-element elementor-element-a5a07fa elementor-widget elementor-widget-text-editor\" data-id=\"a5a07fa\" data-element_type=\"widget\" data-e-type=\"widget\" data-widget_type=\"text-editor.default\">\n\t\t\t\t<div class=\"elementor-widget-container\">\n\t\t\t\t\t\t\t\t\t<h4 class=\"black\">El\u00e9rhet\u0151 T\u00e1mogat\u00e1s M\u00e9rt\u00e9ke<\/h4><p>A forr\u00e1s m\u00e9rt\u00e9ke a v\u00e1llalat m\u00e9ret\u00e9t\u0151l f\u00fcgg. H\u00e1rom t\u00e1mogat\u00e1si csoport l\u00e9tezik.<\/p><p>Mikro- \u00e9s kisv\u00e1llalat t\u00e1mogat\u00e1s eset\u00e9n a t\u00e1mogat\u00e1si intenzit\u00e1s 50%, k\u00f6z\u00e9pv\u00e1llalat t\u00e1mogat\u00e1s eset\u00e9n 40%, nagyv\u00e1llalat t\u00e1mogat\u00e1s eset\u00e9n 30%.<\/p><p>A p\u00e1ly\u00e1zat t\u00e1mogat\u00e1si el\u0151leget is biztos\u00edt. El\u00e9rhet\u0151 ak\u00e1r m\u00e1r a szerz\u0151d\u00e9sk\u00f6t\u00e9skor, a t\u00e1mogat\u00e1si \u00f6sszeg 30%-\u00e1ig.<\/p><p>Az p\u00e1ly\u00e1zat m\u00f6g\u00f6tt \u00e1ll\u00f3 50 milli\u00e1rd Ft keret\u00f6sszeg v\u00e1rhat\u00f3an gyorsan kimer\u00fcl, ez\u00e9rt a gyors el\u0151k\u00e9sz\u00edt\u00e9s kiemelten fontos.<\/p>\t\t\t\t\t\t\t\t<\/div>\n\t\t\t\t<\/div>\n\t\t\t\t<div class=\"elementor-element elementor-element-6e7c8c7 elementor-widget elementor-widget-text-editor\" data-id=\"6e7c8c7\" data-element_type=\"widget\" data-e-type=\"widget\" data-widget_type=\"text-editor.default\">\n\t\t\t\t<div class=\"elementor-widget-container\">\n\t\t\t\t\t\t\t\t\t<h4>A P\u00e1ly\u00e1z\u00f3k k\u00f6re<\/h4><p>Magyarorsz\u00e1gi sz\u00e9khely\u0171 v\u00e1llalkoz\u00e1sok legal\u00e1bb 1 lez\u00e1rt \u00fczleti \u00e9vvel.<\/p><p>Mikro-, kis- \u00e9s k\u00f6z\u00e9pv\u00e1llalkoz\u00e1sok, valamint nagyv\u00e1llalatok, amelyek\u00a0rendelkeznek legal\u00e1bb egy teljes (365 nap) lez\u00e1rt \u00fczleti \u00e9vvel.<\/p><p>De akk\u00e1r nonprofit gazdas\u00e1gi szervezetek is k\u00f6z\u00fcl aki az 572,573,575,576 GFO k\u00f3ddal rendelkezik.<\/p><p>M\u0171szaki szempontb\u00f3l k\u00e9t felt\u00e9telnek kell megfelelni: a t\u00e1rolt energia legal\u00e1bb 75%-a meg\u00fajul\u00f3 forr\u00e1sb\u00f3l sz\u00e1rmazzon, \u00e9s az energiat\u00e1rol\u00f3 egys\u00e9g teljes\u00edtm\u00e9nye \u00e9rje el a meg\u00fajul\u00f3 kapacit\u00e1s legal\u00e1bb 20%-\u00e1t.<\/p><p>Finansz\u00edrozhat\u00f3 naper\u0151m\u0171, litium-ion akkumul\u00e1tor, vez\u00e9rl\u0151 szoftver \u00e9s hardver, \u00e9s megval\u00f3s\u00edthat\u00f3s\u00e1gi tanulm\u00e1ny is.<\/p>\t\t\t\t\t\t\t\t<\/div>\n\t\t\t\t<\/div>\n\t\t\t\t\t<\/div>\n\t\t\t\t<\/div>\n\t\t<div class=\"elementor-element elementor-element-342e6ee e-grid e-con-full tmpcoder-jarallax-no tmpcoder-parallax-no tmpcoder-particle-no tmpcoder-sticky-section-no e-con e-parent\" data-id=\"342e6ee\" data-element_type=\"container\" data-e-type=\"container\">\n\t\t\t\t<div class=\"elementor-element elementor-element-664c65a elementor-widget elementor-widget-text-editor\" data-id=\"664c65a\" data-element_type=\"widget\" data-e-type=\"widget\" data-widget_type=\"text-editor.default\">\n\t\t\t\t<div class=\"elementor-widget-container\">\n\t\t\t\t\t\t\t\t\t<h3 style=\"text-align: center;\">Miben fogunk segiteni:<\/h3><p style=\"text-align: center;\">Ingyenes konzult\u00e1ci\u00f3<br \/><br \/>\u00e9s p\u00e1ly\u00e1zati tan\u00e1csad\u00e1s<br \/><br \/>Napelem \u00e9s energiat\u00e1rol\u00f3 optim\u00e1lis m\u00e9retez\u00e9se<br \/><br \/>M\u0171szaki megalapoz\u00f3 tanulm\u00e1ny elk\u00e9sz\u00edt\u00e9se<br \/><br \/>P\u00e1ly\u00e1zat\u00edr\u00f3 partnerek aj\u00e1nl\u00e1sa a bead\u00e1shoz<br \/><br \/>Szak\u00e9rt\u0151 besz\u00e1ll\u00edt\u00f3 \u00e9s kivitelez\u0151 aj\u00e1nl\u00e1s<\/p>\t\t\t\t\t\t\t\t<\/div>\n\t\t\t\t<\/div>\n\t\t<div class=\"elementor-element elementor-element-90bb764 e-grid e-con-boxed tmpcoder-jarallax-no tmpcoder-parallax-no tmpcoder-particle-no tmpcoder-sticky-section-no e-con e-child\" data-id=\"90bb764\" data-element_type=\"container\" data-e-type=\"container\">\n\t\t\t\t\t<div class=\"e-con-inner\">\n\t\t\t\t<div class=\"elementor-element elementor-element-b0ed993 elementor-widget elementor-widget-image\" data-id=\"b0ed993\" data-element_type=\"widget\" data-e-type=\"widget\" data-widget_type=\"image.default\">\n\t\t\t\t<div class=\"elementor-widget-container\">\n\t\t\t\t\t\t\t\t\t\t\t\t\t\t\t<img fetchpriority=\"high\" decoding=\"async\" width=\"640\" height=\"303\" src=\"https:\/\/intermar.hu\/LED\/wp-content\/uploads\/2025\/11\/Jedlik_Anyos-768x363.jpg\" class=\"attachment-medium_large size-medium_large wp-image-1094\" alt=\"\" srcset=\"https:\/\/intermar.hu\/LED\/wp-content\/uploads\/2025\/11\/Jedlik_Anyos-768x363.jpg 768w, https:\/\/intermar.hu\/LED\/wp-content\/uploads\/2025\/11\/Jedlik_Anyos-300x142.jpg 300w, https:\/\/intermar.hu\/LED\/wp-content\/uploads\/2025\/11\/Jedlik_Anyos-1024x485.jpg 1024w, https:\/\/intermar.hu\/LED\/wp-content\/uploads\/2025\/11\/Jedlik_Anyos-1536x727.jpg 1536w, https:\/\/intermar.hu\/LED\/wp-content\/uploads\/2025\/11\/Jedlik_Anyos-2048x969.jpg 2048w\" sizes=\"(max-width: 640px) 100vw, 640px\" \/>\t\t\t\t\t\t\t\t\t\t\t\t\t\t\t<\/div>\n\t\t\t\t<\/div>\n\t\t\t\t\t<\/div>\n\t\t\t\t<\/div>\n\t\t\t\t<div class=\"elementor-element elementor-element-826c96d elementor-widget elementor-widget-heading\" data-id=\"826c96d\" data-element_type=\"widget\" data-e-type=\"widget\" data-widget_type=\"heading.default\">\n\t\t\t\t<div class=\"elementor-widget-container\">\n\t\t\t\t\t<h3 class=\"elementor-heading-title elementor-size-default\"><a href=\"https:\/\/nffku.hu\/images\/KKV%20tarolo\/Palyazati_felhivas_tarsadalmi_egyeztetes.pdf\">Jedlik \u00c1nyos Energetikai program 2025\/MA\/KKV\/01<br><\/a><\/h3>\t\t\t\t<\/div>\n\t\t\t\t<\/div>\n\t\t\t\t<div class=\"elementor-element elementor-element-96d83d6 elementor-widget elementor-widget-heading\" data-id=\"96d83d6\" data-element_type=\"widget\" data-e-type=\"widget\" data-widget_type=\"heading.default\">\n\t\t\t\t<div class=\"elementor-widget-container\">\n\t\t\t\t\t<h2 class=\"elementor-heading-title elementor-size-default\"><a href=\"https:\/\/nffku.hu\/images\/KKV%20tarolo\/Palyazati_felhivas_tarsadalmi_egyeztetes.pdf\">P\u00e1ly\u00e1zat ki\u00edr\u00e1s let\u0151lt\u00e9s itt!<\/a><\/h2>\t\t\t\t<\/div>\n\t\t\t\t<\/div>\n\t\t\t\t<\/div>\n\t\t<div class=\"elementor-element elementor-element-fa385d3 e-grid e-con-boxed tmpcoder-jarallax-no tmpcoder-parallax-no tmpcoder-particle-no tmpcoder-sticky-section-no e-con e-parent\" data-id=\"fa385d3\" data-element_type=\"container\" data-e-type=\"container\">\n\t\t\t\t\t<div class=\"e-con-inner\">\n\t\t\t\t<div class=\"elementor-element elementor-element-09bc71c elementor-widget elementor-widget-heading\" data-id=\"09bc71c\" data-element_type=\"widget\" data-e-type=\"widget\" data-widget_type=\"heading.default\">\n\t\t\t\t<div class=\"elementor-widget-container\">\n\t\t\t\t\t<h1 class=\"elementor-heading-title elementor-size-default\">K\u00e9rjen visszahiv\u00e1st MOST!<\/h1>\t\t\t\t<\/div>\n\t\t\t\t<\/div>\n\t\t\t\t\t<\/div>\n\t\t\t\t<\/div>\n\t\t<div class=\"elementor-element elementor-element-9d557ab e-flex e-con-boxed tmpcoder-jarallax-no tmpcoder-parallax-no tmpcoder-particle-no tmpcoder-sticky-section-no e-con e-parent\" data-id=\"9d557ab\" data-element_type=\"container\" data-e-type=\"container\">\n\t\t\t\t\t<div class=\"e-con-inner\">\n\t\t\t\t<div class=\"elementor-element elementor-element-1b2ebe7 tmpcoder-forms-align-left tmpcoder-forms-submit-left elementor-widget elementor-widget-tmpcoder-forms\" data-id=\"1b2ebe7\" data-element_type=\"widget\" data-e-type=\"widget\" data-widget_type=\"tmpcoder-forms.default\">\n\t\t\t\t<div class=\"elementor-widget-container\">\n\t\t\t\t\t<div class=\"tmpcoder-forms-container tmpcoder-custom-chk-radio\">\n<div class=\"wpcf7 no-js\" id=\"wpcf7-f890-o1\" lang=\"hu-HU\" dir=\"ltr\" data-wpcf7-id=\"890\">\n<div class=\"screen-reader-response\"><p role=\"status\" aria-live=\"polite\" aria-atomic=\"true\"><\/p> <ul><\/ul><\/div>\n<form action=\"\/LED\/wp-json\/wp\/v2\/pages\/1044#wpcf7-f890-o1\" method=\"post\" class=\"wpcf7-form init\" aria-label=\"Kapcsolatfelv\u00e9teli \u0171rlap\" novalidate=\"novalidate\" data-status=\"init\">\n<fieldset class=\"hidden-fields-container\"><input type=\"hidden\" name=\"_wpcf7\" value=\"890\" \/><input type=\"hidden\" name=\"_wpcf7_version\" value=\"6.1.5\" \/><input type=\"hidden\" name=\"_wpcf7_locale\" value=\"hu_HU\" \/><input type=\"hidden\" name=\"_wpcf7_unit_tag\" value=\"wpcf7-f890-o1\" \/><input type=\"hidden\" name=\"_wpcf7_container_post\" value=\"0\" \/><input type=\"hidden\" name=\"_wpcf7_posted_data_hash\" value=\"\" \/>\n<\/fieldset>\n<label> N\u00e9v\n    <span class=\"wpcf7-form-control-wrap\" data-name=\"your-name\"><input size=\"40\" maxlength=\"400\" class=\"wpcf7-form-control wpcf7-text wpcf7-validates-as-required\" autocomplete=\"name\" aria-required=\"true\" aria-invalid=\"false\" value=\"\" type=\"text\" name=\"your-name\" \/><\/span> <\/label>\n\n<label> E-mail c\u00edm\n    <span class=\"wpcf7-form-control-wrap\" data-name=\"your-email\"><input size=\"40\" maxlength=\"400\" class=\"wpcf7-form-control wpcf7-email wpcf7-validates-as-required wpcf7-text wpcf7-validates-as-email\" autocomplete=\"email\" aria-required=\"true\" aria-invalid=\"false\" value=\"\" type=\"email\" name=\"your-email\" \/><\/span> <\/label>\n\n<label> T\u00e1rgy\n    <span class=\"wpcf7-form-control-wrap\" data-name=\"your-subject\"><input size=\"40\" maxlength=\"400\" class=\"wpcf7-form-control wpcf7-text wpcf7-validates-as-required\" aria-required=\"true\" aria-invalid=\"false\" value=\"\" type=\"text\" name=\"your-subject\" \/><\/span> <\/label>\n\n<label> \u00dczenet (nem k\u00f6telez\u0151)\n    <span class=\"wpcf7-form-control-wrap\" data-name=\"your-message\"><textarea cols=\"40\" rows=\"10\" maxlength=\"2000\" class=\"wpcf7-form-control wpcf7-textarea\" aria-invalid=\"false\" name=\"your-message\"><\/textarea><\/span> <\/label>\n\n<input class=\"wpcf7-form-control wpcf7-submit has-spinner\" type=\"submit\" value=\"Bek\u00fcld\u00e9s\" \/><div class=\"wpcf7-response-output\" aria-hidden=\"true\"><\/div>\n<\/form>\n<\/div>\n<\/div>\t\t\t\t<\/div>\n\t\t\t\t<\/div>\n\t\t\t\t\t<\/div>\n\t\t\t\t<\/div>\n\t\t\t\t<\/div>\n\t\t","protected":false},"excerpt":{"rendered":"<p>A Jedlik \u00c1nyos program Meg\u00fajul\u00f3 alap\u00fa energiatermel\u00e9s \u00e9s energiat\u00e1rol\u00e1st\u00e1mogat\u00e1sa v\u00e1llalkoz\u00e1sok sz\u00e1m\u00e1ra A Jedlik \u00c1nyos Energetikai Program a 2025\/MA\/KKV\/01 p\u00e1ly\u00e1zati k\u00f3d alatt, az EU Moderniz\u00e1ci\u00f3s Alap t\u00e1mogat\u00e1s\u00e1val \u00f6szt\u00f6nzi a meg\u00fajul\u00f3 alap\u00fa energiatermel\u00e9st \u00e9s az energiat\u00e1rol\u00f3 egys\u00e9g beszerz\u00e9s\u00e9t. C\u00e9lja az energiat\u00e1rol\u00f3 rendszerek telep\u00edt\u00e9se, a v\u00e1llalati energiaimport \u00e9s energiaf\u00fcgg\u0151s\u00e9g cs\u00f6kkent\u00e9se, a h\u00e1l\u00f3zat tehermentes\u00edt\u00e9se, valamint az \u00fcvegh\u00e1zhat\u00e1s\u00fa g\u00e1zok kibocs\u00e1t\u00e1s [&hellip;]<\/p>\n","protected":false},"author":1,"featured_media":1077,"parent":0,"menu_order":0,"comment_status":"closed","ping_status":"closed","template":"","meta":{"footnotes":""},"class_list":["post-1044","page","type-page","status-publish","has-post-thumbnail","hentry"],"_links":{"self":[{"href":"https:\/\/intermar.hu\/LED\/wp-json\/wp\/v2\/pages\/1044","targetHints":{"allow":["GET"]}}],"collection":[{"href":"https:\/\/intermar.hu\/LED\/wp-json\/wp\/v2\/pages"}],"about":[{"href":"https:\/\/intermar.hu\/LED\/wp-json\/wp\/v2\/types\/page"}],"author":[{"embeddable":true,"href":"https:\/\/intermar.hu\/LED\/wp-json\/wp\/v2\/users\/1"}],"replies":[{"embeddable":true,"href":"https:\/\/intermar.hu\/LED\/wp-json\/wp\/v2\/comments?post=1044"}],"version-history":[{"count":49,"href":"https:\/\/intermar.hu\/LED\/wp-json\/wp\/v2\/pages\/1044\/revisions"}],"predecessor-version":[{"id":1194,"href":"https:\/\/intermar.hu\/LED\/wp-json\/wp\/v2\/pages\/1044\/revisions\/1194"}],"wp:featuredmedia":[{"embeddable":true,"href":"https:\/\/intermar.hu\/LED\/wp-json\/wp\/v2\/media\/1077"}],"wp:attachment":[{"href":"https:\/\/intermar.hu\/LED\/wp-json\/wp\/v2\/media?parent=1044"}],"curies":[{"name":"wp","href":"https:\/\/api.w.org\/{rel}","templated":true}]}}